{"id":20,"date":"2021-01-21T17:25:59","date_gmt":"2021-01-21T17:25:59","guid":{"rendered":"https:\/\/staging.steuerkanzlei-boenisch.com\/?page_id=20"},"modified":"2021-01-22T21:23:07","modified_gmt":"2021-01-22T21:23:07","slug":"leistungen","status":"publish","type":"page","link":"https:\/\/steuerkanzlei-boenisch.com\/?page_id=20","title":{"rendered":"Leistungen"},"content":{"rendered":"\n<div class=\"wp-block-columns is-layout-flex wp-container-core-columns-is-layout-9d6595d7 wp-block-columns-is-layout-flex\">\n<div class=\"wp-block-column is-layout-flow wp-block-column-is-layout-flow\" style=\"flex-basis:66.66%\">\n<ul class=\"wp-block-list\"><li>Erstellung und Pr\u00fcfungung von Jahresabschl\u00fcssen<\/li><li>&nbsp;Erstellung von Steuererkl\u00e4rungen<\/li><li>Finanz und Lohnbuchhaltung<\/li><li>Existenzgr\u00fcndungsberatung<\/li><li>Beratung in Erbschafts- und Schenkungssteuerrecht<\/li><li>Steuerliche Gestaltungsberatung<\/li><li>Betreuung bei Betriebspr\u00fcfungen<\/li><li>Betriebswirtschaftliche Beratung<\/li><li>Unternehmensbewertung<\/li><li>Rechtsformwahl<\/li><li>Beratung f\u00fcr Unternehmensnachfolge\/\u00dcbernahme\/Beteiligungen<\/li><\/ul>\n<\/div>\n\n\n\n<div class=\"wp-block-column is-layout-flow wp-block-column-is-layout-flow\" style=\"flex-basis:33.33%\">\n<figure class=\"wp-block-image size-large\"><img loading=\"lazy\" decoding=\"async\" width=\"683\" height=\"1024\" src=\"https:\/\/staging.steuerkanzlei-boenisch.com\/wp-content\/uploads\/2021\/01\/calculator-683x1024.jpg\" alt=\"\" class=\"wp-image-40\" srcset=\"https:\/\/steuerkanzlei-boenisch.com\/wp-content\/uploads\/2021\/01\/calculator-683x1024.jpg 683w, https:\/\/steuerkanzlei-boenisch.com\/wp-content\/uploads\/2021\/01\/calculator-200x300.jpg 200w, https:\/\/steuerkanzlei-boenisch.com\/wp-content\/uploads\/2021\/01\/calculator-768x1152.jpg 768w, https:\/\/steuerkanzlei-boenisch.com\/wp-content\/uploads\/2021\/01\/calculator-1024x1536.jpg 1024w, https:\/\/steuerkanzlei-boenisch.com\/wp-content\/uploads\/2021\/01\/calculator.jpg 1280w\" sizes=\"auto, (max-width: 683px) 100vw, 683px\" \/><\/figure>\n<\/div>\n<\/div>\n\n\n\n<p><\/p>\n","protected":false},"excerpt":{"rendered":"<p>Erstellung und Pr\u00fcfungung von Jahresabschl\u00fcssen &nbsp;Erstellung von Steuererkl\u00e4rungen Finanz und Lohnbuchhaltung Existenzgr\u00fcndungsberatung Beratung in Erbschafts- und Schenkungssteuerrecht Steuerliche Gestaltungsberatung Betreuung [&hellip;]<\/p>\n","protected":false},"author":1,"featured_media":0,"parent":0,"menu_order":0,"comment_status":"closed","ping_status":"closed","template":"template-full-width.php","meta":{"footnotes":""},"class_list":["post-20","page","type-page","status-publish","hentry"],"_links":{"self":[{"href":"https:\/\/steuerkanzlei-boenisch.com\/index.php?rest_route=\/wp\/v2\/pages\/20","targetHints":{"allow":["GET"]}}],"collection":[{"href":"https:\/\/steuerkanzlei-boenisch.com\/index.php?rest_route=\/wp\/v2\/pages"}],"about":[{"href":"https:\/\/steuerkanzlei-boenisch.com\/index.php?rest_route=\/wp\/v2\/types\/page"}],"author":[{"embeddable":true,"href":"https:\/\/steuerkanzlei-boenisch.com\/index.php?rest_route=\/wp\/v2\/users\/1"}],"replies":[{"embeddable":true,"href":"https:\/\/steuerkanzlei-boenisch.com\/index.php?rest_route=%2Fwp%2Fv2%2Fcomments&post=20"}],"version-history":[{"count":8,"href":"https:\/\/steuerkanzlei-boenisch.com\/index.php?rest_route=\/wp\/v2\/pages\/20\/revisions"}],"predecessor-version":[{"id":59,"href":"https:\/\/steuerkanzlei-boenisch.com\/index.php?rest_route=\/wp\/v2\/pages\/20\/revisions\/59"}],"wp:attachment":[{"href":"https:\/\/steuerkanzlei-boenisch.com\/index.php?rest_route=%2Fwp%2Fv2%2Fmedia&parent=20"}],"curies":[{"name":"wp","href":"https:\/\/api.w.org\/{rel}","templated":true}]}}