{"id":2,"date":"2021-01-21T16:23:53","date_gmt":"2021-01-21T16:23:53","guid":{"rendered":"http:\/\/staging.steuerkanzlei-boenisch.com\/?page_id=2"},"modified":"2021-01-22T21:56:23","modified_gmt":"2021-01-22T21:56:23","slug":"sample-page","status":"publish","type":"page","link":"https:\/\/steuerkanzlei-boenisch.com\/","title":{"rendered":"Herzlich Willkommen"},"content":{"rendered":"\n<div class=\"wp-block-columns is-layout-flex wp-container-core-columns-is-layout-9d6595d7 wp-block-columns-is-layout-flex\">\n<div class=\"wp-block-column is-layout-flow wp-block-column-is-layout-flow\">\n<p><\/p>\n\n\n\n<p>Hier k\u00f6nnen Sie sich \u00fcber die Leistungen der Steuerkanzlei B\u00f6nisch In kurzer Form informieren.<\/p>\n\n\n\n<p>Als kompetenter Partner stehe ich Ihnen bei allen steuerlichen undwirtschaftlichen Fragen zur Seite. Im Mittelpunkt meiner T\u00e4tigkeit steht die individuelle und pers\u00f6nliche Beratung.<\/p>\n\n\n\n<p>Zu unseren Mandaten z\u00e4hlen Privatpersonen, kleine und mittelst\u00e4ndische Unternehmen aus den unterschiedlichsten Branchen, sowie Freiberufler, schwerpunktsm\u00e4\u00dfig aus dem Bereich der Heilberufe (\u00c4rzte und Zahn\u00e4rzte)<\/p>\n\n\n\n<p>Wir&nbsp;betreuen \u00fcberwiegend Mandanten in Planegg und Umgebung sowie dem Gro\u00dfraum M\u00fcnchen.<\/p>\n<\/div>\n<\/div>\n\n\n\n<figure class=\"wp-block-image size-full\"><img loading=\"lazy\" decoding=\"async\" width=\"1920\" height=\"568\" src=\"https:\/\/staging.steuerkanzlei-boenisch.com\/wp-content\/uploads\/2021\/01\/munich-1480740_1920.jpg\" alt=\"\" class=\"wp-image-81\" srcset=\"https:\/\/steuerkanzlei-boenisch.com\/wp-content\/uploads\/2021\/01\/munich-1480740_1920.jpg 1920w, https:\/\/steuerkanzlei-boenisch.com\/wp-content\/uploads\/2021\/01\/munich-1480740_1920-300x89.jpg 300w, https:\/\/steuerkanzlei-boenisch.com\/wp-content\/uploads\/2021\/01\/munich-1480740_1920-1024x303.jpg 1024w, https:\/\/steuerkanzlei-boenisch.com\/wp-content\/uploads\/2021\/01\/munich-1480740_1920-768x227.jpg 768w, https:\/\/steuerkanzlei-boenisch.com\/wp-content\/uploads\/2021\/01\/munich-1480740_1920-1536x454.jpg 1536w\" sizes=\"auto, (max-width: 1920px) 100vw, 1920px\" \/><\/figure>\n","protected":false},"excerpt":{"rendered":"<p>Hier k\u00f6nnen Sie sich \u00fcber die Leistungen der Steuerkanzlei B\u00f6nisch In kurzer Form informieren. Als kompetenter Partner stehe ich Ihnen [&hellip;]<\/p>\n","protected":false},"author":1,"featured_media":0,"parent":0,"menu_order":0,"comment_status":"closed","ping_status":"open","template":"template-full-width.php","meta":{"footnotes":""},"class_list":["post-2","page","type-page","status-publish","hentry"],"_links":{"self":[{"href":"https:\/\/steuerkanzlei-boenisch.com\/index.php?rest_route=\/wp\/v2\/pages\/2","targetHints":{"allow":["GET"]}}],"collection":[{"href":"https:\/\/steuerkanzlei-boenisch.com\/index.php?rest_route=\/wp\/v2\/pages"}],"about":[{"href":"https:\/\/steuerkanzlei-boenisch.com\/index.php?rest_route=\/wp\/v2\/types\/page"}],"author":[{"embeddable":true,"href":"https:\/\/steuerkanzlei-boenisch.com\/index.php?rest_route=\/wp\/v2\/users\/1"}],"replies":[{"embeddable":true,"href":"https:\/\/steuerkanzlei-boenisch.com\/index.php?rest_route=%2Fwp%2Fv2%2Fcomments&post=2"}],"version-history":[{"count":12,"href":"https:\/\/steuerkanzlei-boenisch.com\/index.php?rest_route=\/wp\/v2\/pages\/2\/revisions"}],"predecessor-version":[{"id":86,"href":"https:\/\/steuerkanzlei-boenisch.com\/index.php?rest_route=\/wp\/v2\/pages\/2\/revisions\/86"}],"wp:attachment":[{"href":"https:\/\/steuerkanzlei-boenisch.com\/index.php?rest_route=%2Fwp%2Fv2%2Fmedia&parent=2"}],"curies":[{"name":"wp","href":"https:\/\/api.w.org\/{rel}","templated":true}]}}